





{"id":31927,"date":"2025-04-27T22:34:48","date_gmt":"2025-04-27T20:34:48","guid":{"rendered":"https:\/\/tb.dmaneg.com\/termini-e-regole\/"},"modified":"2025-12-20T11:34:30","modified_gmt":"2025-12-20T09:34:30","slug":"termini-e-regole","status":"publish","type":"page","link":"https:\/\/tb.dmaneg.com\/it\/termini-e-regole\/","title":{"rendered":"Termini e regole"},"content":{"rendered":"\t\t<div data-elementor-type=\"wp-page\" data-elementor-id=\"31927\" class=\"elementor elementor-31927 elementor-10\" data-elementor-post-type=\"page\">\n\t\t\t\t<div class=\"wd-negative-gap elementor-element elementor-element-c7cf723 e-flex e-con-boxed e-con e-parent\" data-id=\"c7cf723\" data-element_type=\"container\" data-e-type=\"container\">\n\t\t\t\t\t<div class=\"e-con-inner\">\n\t\t<div class=\"wd-sticky-container-lg elementor-element elementor-element-4e3b5cd e-con-full wd-col-offcanvas-md-sm wd-col-offcanvas-sm e-flex wd-alignment-left e-con e-child\" data-id=\"4e3b5cd\" data-element_type=\"container\" data-e-type=\"container\">\n\t\t\t\t<div class=\"elementor-element elementor-element-3ae287c elementor-widget elementor-widget-wd_mega_menu\" data-id=\"3ae287c\" data-element_type=\"widget\" data-e-type=\"widget\" data-widget_type=\"wd_mega_menu.default\">\n\t\t\t\t<div class=\"elementor-widget-container\">\n\t\t\t\t\t\t\t<div class=\"wd-menu widget_nav_mega_menu wd-nav-wrapper\">\n\t\t\t\t\t\t<ul id=\"menu-pages-men-%d8%a7%d9%84%d8%a5%d9%8a%d8%b7%d8%a7%d9%84%d9%8a%d8%a9\" class=\"menu wd-nav wd-nav-vertical wd-design-default wd-add-pd\"><li id=\"menu-item-32261\" class=\"menu-item menu-item-type-post_type menu-item-object-page menu-item-32261 item-level-0 menu-simple-dropdown wd-event-hover\" ><a href=\"https:\/\/tb.dmaneg.com\/it\/chi-siamo\/\" class=\"woodmart-nav-link\"><span class=\"nav-link-text\">Chi siamo<\/span><\/a><\/li>\n<li id=\"menu-item-32262\" class=\"menu-item menu-item-type-post_type menu-item-object-page menu-item-32262 item-level-0 menu-simple-dropdown wd-event-hover\" ><a href=\"https:\/\/tb.dmaneg.com\/it\/contattaci\/\" class=\"woodmart-nav-link\"><span class=\"nav-link-text\">Contattaci<\/span><\/a><\/li>\n<li id=\"menu-item-32271\" class=\"menu-item menu-item-type-post_type menu-item-object-page menu-item-32271 item-level-0 menu-simple-dropdown wd-event-hover\" ><a href=\"https:\/\/tb.dmaneg.com\/it\/traccia-il-tuo-ordine\/\" class=\"woodmart-nav-link\"><span class=\"nav-link-text\">Traccia il tuo ordine<\/span><\/a><\/li>\n<li id=\"menu-item-32272\" class=\"menu-item menu-item-type-post_type menu-item-object-page menu-item-32272 item-level-0 menu-simple-dropdown wd-event-hover\" ><a href=\"https:\/\/tb.dmaneg.com\/it\/termini-e-regole\/\" class=\"woodmart-nav-link\"><span class=\"nav-link-text\">Termini e regole<\/span><\/a><\/li>\n<li id=\"menu-item-32273\" class=\"menu-item menu-item-type-post_type menu-item-object-page menu-item-32273 item-level-0 menu-simple-dropdown wd-event-hover\" ><a href=\"https:\/\/tb.dmaneg.com\/it\/politica-di-garanzia-e-sostituzione\/\" class=\"woodmart-nav-link\"><span class=\"nav-link-text\">Politica di garanzia e sostituzione<\/span><\/a><\/li>\n<li id=\"menu-item-32274\" class=\"menu-item menu-item-type-post_type menu-item-object-page menu-item-32274 item-level-0 menu-simple-dropdown wd-event-hover\" ><a href=\"https:\/\/tb.dmaneg.com\/it\/politica-sulla-privacy\/\" class=\"woodmart-nav-link\"><span class=\"nav-link-text\">Politica sulla privacy<\/span><\/a><\/li>\n<li id=\"menu-item-32275\" class=\"menu-item menu-item-type-post_type menu-item-object-page menu-item-32275 item-level-0 menu-simple-dropdown wd-event-hover\" ><a href=\"https:\/\/tb.dmaneg.com\/it\/il-mio-account\/richiesta-di-sostituzione\/\" class=\"woodmart-nav-link\"><span class=\"nav-link-text\">Richiesta di sostituzione<\/span><\/a><\/li>\n<li id=\"menu-item-32276\" class=\"menu-item menu-item-type-post_type menu-item-object-page menu-item-32276 item-level-0 menu-simple-dropdown wd-event-hover\" ><a href=\"https:\/\/tb.dmaneg.com\/it\/ordine-quantita\/\" class=\"woodmart-nav-link\"><span class=\"nav-link-text\">Ordine quantit\u00e0<\/span><\/a><\/li>\n<\/ul>\t\t<\/div>\n\t\t\t\t\t\t<\/div>\n\t\t\t\t<\/div>\n\t\t\t\t<\/div>\n\t\t<div class=\"elementor-element elementor-element-fe30746 e-con-full wd-col-content-md-sm wd-col-content-sm e-flex e-con e-child\" data-id=\"fe30746\" data-element_type=\"container\" data-e-type=\"container\">\n\t\t\t\t<div class=\"elementor-element elementor-element-4921973 text-right color-scheme-inherit elementor-widget elementor-widget-text-editor\" data-id=\"4921973\" data-element_type=\"widget\" data-e-type=\"widget\" data-widget_type=\"text-editor.default\">\n\t\t\t\t\t\t\t\t\t<div style=\"font-family: Tahoma, Geneva, sans-serif; font-size: 12px; background-color: #ffffff; margin: 30px 15px;\"><div style=\"font-size: 19px; margin: 20px 0px;\"><strong><span style=\"color: #ff0000;\">1. Introduzione<\/span><\/strong><\/div><p style=\"color: #555555; margin-right: 0px; margin-bottom: 8.5px; margin-left: 0px; line-height: 22px; padding: 0px 22px;\"><strong>1.1. Dman Store &#8211; &#8220;Dman&#8221; \u00e8 il nome commerciale del gruppo di societ\u00e0 Daman Store &#8211; Dman elencate nell&#8217;Allegato 1. Ogni societ\u00e0 del gruppo Dman &#8211; Dman (&#8220;Dman&#8221; o &#8220;noi&#8221;) gestisce una piattaforma di e-commerce costituita da un sito web e un&#8217;app mobile (&#8220;il negozio&#8221;), supportata dalla relativa infrastruttura IT, logistica e di pagamento, per la vendita e l&#8217;acquisto di prodotti e servizi di consumo (&#8220;prodotti&#8221;) nella sua area designata come specificato nell&#8217;Allegato 1 (&#8220;regione&#8221;).  <\/strong><br><strong>1.2. Questi termini e condizioni generali si applicano ai venditori e agli acquirenti su Dman Store e regolano il tuo utilizzo del sito Dman Store e di qualsiasi servizio correlato.<\/strong><br><strong>1.3. Utilizzando il sito Dman Store, riconosci di accettare integralmente questi termini e condizioni generali. Se non sei d\u2019accordo con i termini e condizioni generali o con parte di essi, non dovresti utilizzare Dman Store. <\/strong><\/p><ul style=\"color: #555555; margin-bottom: 8.5px; list-style-type: none;\"><li><strong>1.4. Accetti che il pronome &#8220;tu&#8221; in questi termini e condizioni generali si riferisca all\u2019utente singolo, alla persona interessata o a una societ\u00e0 o entit\u00e0 legale, salvo diversa indicazione dal contesto.<\/strong><\/li><li><strong>1.4.1. Il cliente non ha il diritto di creare pi\u00f9 di un account sul sito. In caso di creazione di pi\u00f9 account, l\u2019azienda ha il diritto di bloccare gli account aggiuntivi.<\/strong><\/li><\/ul><p style=\"color: #555555; margin-right: 0px; margin-bottom: 8.5px; margin-left: 0px;\"> <\/p><\/div><div style=\"font-family: Tahoma, Geneva, sans-serif; font-size: 12px; background-color: #ffffff; margin: 30px 15px;\"><div style=\"font-size: 19px; margin: 20px 0px;\"><strong><span style=\"color: #ff0000;\">2. Registrazione e account<\/span><\/strong><\/div><p style=\"color: #555555; margin-right: 0px; margin-bottom: 8.5px; margin-left: 0px; line-height: 22px; padding: 0px 22px;\">2.1. Non \u00e8 consentita la registrazione sul sito Daman Store se hai meno di 18 anni; pertanto, confermi di aver superato questa et\u00e0. (Utilizzando Daman Store o accettando questi termini e condizioni generali, confermi e garantisci di avere almeno 18 anni)<br>2.2. Se ti registri per aprire un account su Daman Store, ti verr\u00e0 richiesto l\u2019indirizzo email \/ nome utente e la password e accetti quanto segue:<\/p><ul style=\"color: #555555; margin-bottom: 8.5px; list-style-type: none;\"><li><strong>2.2.1. Mantenere riservata la tua password;<\/strong><\/li><li><strong>2.2.2. Avvisare immediatamente Dman (tramite i mezzi di contatto indicati o inviando un messaggio tramite il modulo Contattaci) in caso di divulgazione della tua password;<\/strong><\/li><li><strong>2.2.3. Riconosci la tua responsabilit\u00e0 per qualsiasi attivit\u00e0 su Dman Store derivante dal mancato mantenimento della riservatezza della tua password e potresti essere ritenuto responsabile per eventuali perdite derivanti da tale mancato rispetto. <\/strong><\/li><\/ul><p>2.3. Ti impegni a utilizzare l\u2019account personalmente e non puoi trasferirlo a terzi; sei responsabile nel caso in cui autorizzi un terzo a gestire il tuo account.<br>2.4. Dman ha il diritto, a sua esclusiva discrezione e senza preavviso o giustificazione, di sospendere o cancellare il tuo account e\/o modificare i dati dell\u2019account.<\/p><p style=\"color: #555555; margin-right: 0px; margin-bottom: 8.5px; margin-left: 0px;\"> <\/p><\/div><div style=\"font-family: Tahoma, Geneva, sans-serif; font-size: 12px; background-color: #ffffff; margin: 30px 15px;\"><div style=\"font-size: 19px; margin: 20px 0px;\"><strong><span style=\"color: #ff0000;\">: 3. Reso e sostituzione dei prodotti<\/span><\/strong><\/div><p style=\"color: #555555; margin-right: 0px; margin-bottom: 8.5px; margin-left: 0px; line-height: 22px; padding: 0px 22px;\"><strong>3.1. Le operazioni di sostituzione dei prodotti sono gestite dagli acquirenti e l\u2019accettazione dei prodotti restituiti dal venditore avviene tramite la pagina Reso e Garanzia sul sito di Dman, che pu\u00f2 essere modificata di tanto in tanto. L\u2019accettazione del prodotto restituito avviene a discrezione di Dman ed \u00e8 soggetta alle leggi vigenti nella regione.<\/strong><\/p><p style=\"color: #555555; margin-right: 0px; margin-bottom: 8.5px; margin-left: 0px; line-height: 22px; padding: 0px 22px;\"><strong>3.2. Le operazioni di sostituzione dei prodotti restituiti sono gestite in base alla pagina Resi e Sostituzioni sul sito di Daman, che pu\u00f2 essere modificata di tanto in tanto, e si applicano le regole di Daman sui prodotti restituiti a discrezione di Daman, nel rispetto delle leggi vigenti nella regione. Daman pu\u00f2 offrire la sostituzione dei prodotti restituiti a sua discrezione, tenendo conto dei seguenti punti:  <\/strong><\/p><ul style=\"color: #555555; margin-bottom: 8.5px; list-style-type: none;\"><li><strong>3.2.1. Prezzo del prodotto;<\/strong><\/li><li><strong>3.2.2. Costi di spedizione locali e\/o internazionali (come indicato nella pagina dei rimborsi);<\/strong><\/li><li><strong>3.2.3. La sostituzione del prodotto e la spedizione sono gratuite tramite il sito Dman.<\/strong><\/li><li><strong><span style=\"text-align: var(--text-align);\">3.3. La sostituzione del prodotto e la spedizione sono gratuite tramite il sito Dman.<\/span><\/strong><\/li><\/ul><p><strong>3-.4. Le modifiche apportate alla pagina dei resi o dei rimborsi si applicano a tutti gli acquisti a partire dalla data di pubblicazione delle modifiche sul sito Dman.<\/strong><\/p><p style=\"color: #555555; margin-right: 0px; margin-bottom: 8.5px; margin-left: 0px;\"> <\/p><\/div><div style=\"font-family: Tahoma, Geneva, sans-serif; font-size: 12px; background-color: #ffffff; margin: 30px 15px;\"><div style=\"font-size: 19px; margin: 20px 0px;\"><strong><span style=\"color: #ff0000;\">4. Pagamenti<\/span><\/strong><\/div><p style=\"color: #555555; margin-right: 0px; margin-bottom: 8.5px; margin-left: 0px; line-height: 22px; padding: 0px 22px;\"><strong>4.1. I pagamenti dovuti ai sensi dei presenti Termini e Condizioni Generali devono essere effettuati in conformit\u00e0 alle informazioni e alle istruzioni di pagamento disponibili sullo store Dman.<\/strong><\/p><\/div><div style=\"font-family: Tahoma, Geneva, sans-serif; font-size: 12px; background-color: #ffffff; margin: 30px 15px;\"><div style=\"font-size: 19px; margin: 20px 0px;\"><strong><span style=\"color: #ff0000;\">5. Offerte<\/span><\/strong><\/div><p style=\"color: #555555; margin-right: 0px; margin-bottom: 8.5px; margin-left: 0px; line-height: 22px; padding: 0px 22px;\">5.1. Le offerte e le promozioni organizzate da Dman e\/o da altri promotori sono gestite in conformit\u00e0 ai termini e alle condizioni delle offerte. \u00c8 possibile consultare i termini applicabili sul nostro sito web o sull\u2019app mobile.<br>5.2. Il numero di unit\u00e0 disponibili per ciascun prodotto per singolo acquirente \u00e8 determinato tramite il carrello, al fine di consentire al maggior numero possibile di utenti di beneficiare dell\u2019offerta. In caso di ordini ripetuti, l\u2019ordine potrebbe essere annullato.<\/p><\/div><div style=\"font-family: Tahoma, Geneva, sans-serif; font-size: 12px; background-color: #ffffff; margin: 30px 15px;\"><strong><span style=\"font-size: 19px; text-align: var(--text-align);\"><span style=\"color: #ff0000;\">6. Privacy e riservatezza dei dati<\/span><\/span><\/strong><\/div><div style=\"font-family: Tahoma, Geneva, sans-serif; font-size: 12px; background-color: #ffffff; margin: 30px 15px;\"><p style=\"margin-right: 0px; margin-bottom: 8.5px; margin-left: 0px; line-height: 22px; padding: 0px 22px;\">6.1. I venditori acconsentono al trattamento dei propri dati personali in conformit\u00e0 con l\u2019Informativa sulla Privacy e sui Cookie (Privacy and Cookie Notice) di Dman.<br>6.2. Dman tratta tutti i dati personali raccolti tramite lo store Dman e i servizi correlati in conformit\u00e0 con l\u2019Informativa sulla Privacy e sui Cookie <\/p><\/div><div style=\"color: #555555; font-family: Tahoma, Geneva, sans-serif; font-size: 12px; background-color: #ffffff; margin: 30px 15px;\"><p style=\"margin-right: 0px; margin-bottom: 8.5px; margin-left: 0px;\"> <\/p><\/div><div style=\"font-family: Tahoma, Geneva, sans-serif; font-size: 12px; background-color: #ffffff; margin: 30px 15px;\"><div style=\"font-size: 19px; margin: 20px 0px;\"><strong><span style=\"color: #ff0000;\">7. Violazione dei Termini e Condizioni Generali<\/span><\/strong><\/div><p style=\"color: #555555; margin-right: 0px; margin-bottom: 8.5px; margin-left: 0px; line-height: 22px; padding: 0px 22px;\"><strong>7.1. Se Dman consente la registrazione di un account sul nostro store, esso rimarr\u00e0 attivo a tempo indeterminato, nel rispetto di questi Termini e Condizioni Generali.  <\/strong><br><strong>7.2. Se violi uno qualsiasi degli obblighi previsti da questi Termini e Condizioni Generali, o se Daman sospetta che tu abbia violato i Termini e Condizioni Generali o qualsiasi disposizione, politica o linea guida di Daman in qualsiasi modo, Dman ha il diritto di intraprendere le seguenti azioni:  <\/strong><\/p><ul style=\"color: #555555; margin-bottom: 8.5px; list-style-type: none;\"><li><strong>7.2.1. Sospensione temporanea del tuo accesso allo store Dman;<\/strong><\/li><li><strong>7.2.2. Divieto permanente di accesso allo store Dman;<\/strong><\/li><li><strong>7.2.3. Blocco dei computer che utilizzano il tuo IP dall\u2019accesso allo store Dman;<\/strong><\/li><li><strong>7.2.4. Contattare uno o tutti i tuoi provider di servizi Internet e richiedere il blocco del tuo accesso allo store Dman;<\/strong><\/li><li><strong>7.2.5. Sospensione o eliminazione del tuo account sul sito Dman; e\/o<\/strong><\/li><li><strong>7.2.6. Avvio di azioni legali contro di te, sia per violazione del contratto sia per altri motivi. <\/strong><\/li><\/ul><p><strong>7.3. Ti impegni a non intraprendere alcuna azione per eludere la sospensione, il divieto o il blocco del tuo accesso allo store Dman (incluso, a titolo esemplificativo ma non esaustivo, creare e\/o utilizzare un account diverso) nel caso in cui Dman sospenda, vieti o blocchi il tuo accesso allo store in tutto o in parte.<br><\/strong><\/p><p style=\"color: #555555; margin-right: 0px; margin-bottom: 8.5px; margin-left: 0px;\"> <\/p><\/div><div style=\"font-family: Tahoma, Geneva, sans-serif; font-size: 12px; background-color: #ffffff; margin: 30px 15px;\"><div style=\"font-size: 19px; margin: 20px 0px;\"><strong><span style=\"color: #ff0000;\">8. Contratto complessivo<\/span><\/strong><\/div><p style=\"color: #555555; margin-right: 0px; margin-bottom: 8.5px; margin-left: 0px; line-height: 22px; padding: 0px 22px;\"><strong>8.1. I presenti Termini e Condizioni Generali e le disposizioni, politiche e linee guida di Dman (e per i venditori si aggiungono i Termini e Condizioni del venditore) costituiscono l\u2019accordo completo tra te e Dman riguardo all\u2019utilizzo dello store Dman e sostituiscono tutti gli accordi precedenti tra te e Dman.<\/strong><\/p><\/div><div style=\"font-family: Tahoma, Geneva, sans-serif; font-size: 12px; background-color: #ffffff; margin: 30px 15px;\"><div style=\"font-size: 19px; margin: 20px 0px;\"><strong><span style=\"text-align: var(--text-align);\"><span style=\"color: #ff0000;\">9. Revisione e modifica<\/span><\/span><\/strong><\/div><div style=\"font-size: 19px; margin: 20px 0px;\">9.1. Dman ha il diritto di rivedere di tanto in tanto questi Termini e Condizioni Generali, i Termini e Condizioni del venditore e le disposizioni, politiche e linee guida di Dman.  <\/div><p style=\"margin-right: 0px; margin-bottom: 8.5px; margin-left: 0px; line-height: 22px; padding: 0px 22px;\"><strong>I Termini e Condizioni Generali rivisti si applicano allo store Dman dalla data di pubblicazione.<\/strong><\/p><p> <\/p><h3 style=\"margin-right: 0px; margin-bottom: 8.5px; margin-left: 0px; line-height: 22px; padding: 0px 22px;\"><strong style=\"color: #555555;\"> <span style=\"color: #ff0000;\">10. Separabilit\u00e0<\/span><\/strong><\/h3><\/div><div style=\"color: #555555; font-family: Tahoma, Geneva, sans-serif; font-size: 12px; background-color: #ffffff; margin: 30px 15px;\"><br><strong>10.1. Se un tribunale o un\u2019altra autorit\u00e0 competente dovesse ritenere una disposizione di questi Termini e Condizioni Generali illegale e\/o non valida, le restanti disposizioni rimarranno in vigore. <\/strong><\/div><div style=\"color: #555555; font-family: Tahoma, Geneva, sans-serif; font-size: 12px; background-color: #ffffff; margin: 30px 15px;\"><strong>10.2. Se una disposizione di questi Termini e Condizioni Generali \u00e8 illegale e\/o non valida, e potrebbe diventare legale o applicabile se una parte fosse rimossa, tale parte sar\u00e0 considerata rimossa e il resto della sezione rester\u00e0 valido.  <\/strong><\/div><div style=\"font-family: Tahoma, Geneva, sans-serif; font-size: 12px; background-color: #ffffff; margin: 30px 15px;\"><div style=\"font-size: 19px; margin: 20px 0px;\"><strong><span style=\"color: #ff0000;\">11. Delega<\/span><\/strong><\/div><p style=\"color: #555555; margin-right: 0px; margin-bottom: 8.5px; margin-left: 0px; line-height: 22px; padding: 0px 22px;\">11.1. Accetti che Dman possa cedere, trasferire, subappaltare o disporre dei propri diritti e\/o obblighi derivanti da questi Termini e Condizioni Generali.<br>11.2. Non puoi, senza ottenere il consenso scritto di Dman, cedere, trasferire, subappaltare o altrimenti disporre di alcuno dei tuoi diritti e\/o obblighi previsti da questi Termini e Condizioni Generali.<\/p><\/div>\t\t\t\t\t\t\t\t<\/div>\n\t\t\t\t<\/div>\n\t\t\t\t\t<\/div>\n\t\t\t\t<\/div>\n\t\t\t\t<\/div>\n\t\t","protected":false},"excerpt":{"rendered":"<p>\u0627\u0644\u0631\u0626\u064a\u0633\u064a\u0629 \u0645\u0646 \u0646\u062d\u0646 \u0623\u062a\u0635\u0644 \u0628\u0646\u0627 \u062a\u0627\u062c\u0631 \u0645\u0639\u0646\u0627 \u062a\u062a\u0628\u0639 \u0627\u0644\u0637\u0644\u0628 \u0627\u0644\u0634\u0631\u0648\u0637 \u0648\u0627\u0644\u0642\u0648\u0627\u0639\u062f \u0627\u0644\u0623\u0633\u0626\u0644\u0629 \u0627\u0644\u0634\u0627\u0626\u0639\u0629 \u0633\u064a\u0627\u0633\u0629 \u0627\u0644\u0636\u0645\u0627\u0646 \u0648\u0627\u0644\u0625\u0633\u062a\u0628\u062f\u0627\u0644 \u0633\u064a\u0627\u0633\u0629 \u0627\u0644\u062e\u0635\u0648\u0635\u064a\u0629 \u0637\u0644\u0628 \u0625\u0633\u062a\u0628\u062f\u0627\u0644<\/p>\n","protected":false},"author":1,"featured_media":0,"parent":0,"menu_order":0,"comment_status":"closed","ping_status":"closed","template":"","meta":{"footnotes":""},"class_list":["post-31927","page","type-page","status-publish","hentry"],"_links":{"self":[{"href":"https:\/\/tb.dmaneg.com\/it\/wp-json\/wp\/v2\/pages\/31927","targetHints":{"allow":["GET"]}}],"collection":[{"href":"https:\/\/tb.dmaneg.com\/it\/wp-json\/wp\/v2\/pages"}],"about":[{"href":"https:\/\/tb.dmaneg.com\/it\/wp-json\/wp\/v2\/types\/page"}],"author":[{"embeddable":true,"href":"https:\/\/tb.dmaneg.com\/it\/wp-json\/wp\/v2\/users\/1"}],"replies":[{"embeddable":true,"href":"https:\/\/tb.dmaneg.com\/it\/wp-json\/wp\/v2\/comments?post=31927"}],"version-history":[{"count":0,"href":"https:\/\/tb.dmaneg.com\/it\/wp-json\/wp\/v2\/pages\/31927\/revisions"}],"wp:attachment":[{"href":"https:\/\/tb.dmaneg.com\/it\/wp-json\/wp\/v2\/media?parent=31927"}],"curies":[{"name":"wp","href":"https:\/\/api.w.org\/{rel}","templated":true}]}}